{"id":3,"date":"2021-01-14T14:33:41","date_gmt":"2021-01-14T14:33:41","guid":{"rendered":"https:\/\/senzacorpo.com\/?page_id=3"},"modified":"2021-01-18T20:20:38","modified_gmt":"2021-01-18T20:20:38","slug":"privacy-policy","status":"publish","type":"page","link":"https:\/\/senzacorpo.com\/en\/privacy-policy\/","title":{"rendered":"Privacy Policy"},"content":{"rendered":"<div class=\"one_line_col\">\r\n<h2 class=\"wp-block-heading\" id=\"owner_of_the_data\">TITOLARE DEL TRATTAMENTO DEI DATI<\/h2>\r\n<p>Anna Elisabetta Raffin<\/p>\r\n<p><b>Indirizzo email del Titolare:<\/b> project@senzacorpo.com<\/p>\r\n<\/div>\r\n<div class=\"one_line_col\">\r\n<h2 id=\"types_of_data\">TIPOLOGIE DI DATI RACCOLTI<\/h2>\r\n<p>Fra i Dati Personali raccolti da questo Sito Web, in modo autonomo o tramite terze parti, ci sono: Cookie; Dati di utilizzo; nome; email; cognome; data di nascita; numero di sessioni.<\/p>\r\n<p>Dettagli completi su ciascuna tipologia di dati raccolti sono forniti nelle sezioni dedicate di questa privacy policy o mediante specifici testi informativi visualizzati prima della raccolta dei dati stessi.<br \/>I Dati Personali possono essere liberamente forniti dall&#8217;Utente o, nel caso di Dati di Utilizzo, raccolti automaticamente durante l&#8217;uso di questo Sito Web.<br \/>Se non diversamente specificato, tutti i Dati richiesti da questo Sito Web sono obbligatori. Se l\u2019Utente rifiuta di comunicarli, potrebbe essere impossibile per questo Sito Web fornire il Servizio. Nei casi in cui questo Sito Web indichi alcuni Dati come facoltativi, gli Utenti sono liberi di astenersi dal comunicare tali Dati, senza che ci\u00f2 abbia alcuna conseguenza sulla disponibilit\u00e0 del Servizio o sulla sua operativit\u00e0.<br \/>Gli Utenti che dovessero avere dubbi su quali Dati siano obbligatori, sono incoraggiati a contattare il Titolare.<br \/>L\u2019eventuale utilizzo di Cookie &#8211; o di altri strumenti di tracciamento &#8211; da parte di questo Sito Web o dei titolari dei servizi terzi utilizzati da questo Sito Web, ove non diversamente precisato, ha la finalit\u00e0 di fornire il Servizio richiesto dall&#8217;Utente, oltre alle ulteriori finalit\u00e0 descritte nel presente documento e nella Cookie Policy, se disponibile.<\/p>\r\n<p>L&#8217;Utente si assume la responsabilit\u00e0 dei Dati Personali di terzi ottenuti, pubblicati o condivisi mediante questo Sito Web e garantisce di avere il diritto di comunicarli o diffonderli, liberando il Titolare da qualsiasi responsabilit\u00e0 verso terzi.<\/p>\r\n<\/div>\r\n<h2>Who we are<\/h2>\r\n\r\n\r\n\r\n<p>Our website address is: https:\/\/senzacorpo.com.<\/p>\r\n\r\n\r\n\r\n<h2 class=\"wp-block-heading\">What personal data we collect and why we collect it<\/h2>\r\n\r\n\r\n\r\n<h3 class=\"wp-block-heading\">Comments<\/h3>\r\n\r\n\r\n\r\n<p>When visitors leave comments on the site we collect the data shown in the comments form, and also the visitor\u2019s IP address and browser user agent string to help spam detection.<\/p>\r\n\r\n\r\n\r\n<p>An anonymized string created from your email address (also called a hash) may be provided to the Gravatar service to see if you are using it. The Gravatar service privacy policy is available here: https:\/\/automattic.com\/privacy\/. After approval of your comment, your profile picture is visible to the public in the context of your comment.<\/p>\r\n\r\n\r\n\r\n<h3 class=\"wp-block-heading\">Media<\/h3>\r\n\r\n\r\n\r\n<p>If you upload images to the website, you should avoid uploading images with embedded location data (EXIF GPS) included. Visitors to the website can download and extract any location data from images on the website.<\/p>\r\n\r\n\r\n\r\n<h3 class=\"wp-block-heading\">Contact forms<\/h3>\r\n\r\n\r\n\r\n<h3 class=\"wp-block-heading\">Cookies<\/h3>\r\n\r\n\r\n\r\n<p>If you leave a comment on our site you may opt-in to saving your name, email address and website in cookies. These are for your convenience so that you do not have to fill in your details again when you leave another comment. These cookies will last for one year.<\/p>\r\n\r\n\r\n\r\n<p>If you visit our login page, we will set a temporary cookie to determine if your browser accepts cookies. This cookie contains no personal data and is discarded when you close your browser.<\/p>\r\n\r\n\r\n\r\n<p>When you log in, we will also set up several cookies to save your login information and your screen display choices. Login cookies last for two days, and screen options cookies last for a year. If you select &#8220;Remember Me&#8221;, your login will persist for two weeks. If you log out of your account, the login cookies will be removed.<\/p>\r\n\r\n\r\n\r\n<p>If you edit or publish an article, an additional cookie will be saved in your browser. This cookie includes no personal data and simply indicates the post ID of the article you just edited. It expires after 1 day.<\/p>\r\n\r\n\r\n\r\n<h3 class=\"wp-block-heading\">Embedded content from other websites<\/h3>\r\n\r\n\r\n\r\n<p>Articles on this site may include embedded content (e.g. videos, images, articles, etc.). Embedded content from other websites behaves in the exact same way as if the visitor has visited the other website.<\/p>\r\n\r\n\r\n\r\n<p>These websites may collect data about you, use cookies, embed additional third-party tracking, and monitor your interaction with that embedded content, including tracking your interaction with the embedded content if you have an account and are logged in to that website.<\/p>\r\n\r\n\r\n\r\n<h3 class=\"wp-block-heading\">Analytics<\/h3>\r\n\r\n\r\n\r\n<h2 class=\"wp-block-heading\">Who we share your data with<\/h2>\r\n\r\n\r\n\r\n<p>If you request a password reset, your IP address will be included in the reset email.<\/p>\r\n\r\n\r\n\r\n<h2 class=\"wp-block-heading\">How long we retain your data<\/h2>\r\n\r\n\r\n\r\n<p>If you leave a comment, the comment and its metadata are retained indefinitely. This is so we can recognize and approve any follow-up comments automatically instead of holding them in a moderation queue.<\/p>\r\n\r\n\r\n\r\n<p>For users that register on our website (if any), we also store the personal information they provide in their user profile. All users can see, edit, or delete their personal information at any time (except they cannot change their username). Website administrators can also see and edit that information.<\/p>\r\n\r\n\r\n\r\n<h2 class=\"wp-block-heading\">What rights you have over your data<\/h2>\r\n\r\n\r\n\r\n<p>If you have an account on this site, or have left comments, you can request to receive an exported file of the personal data we hold about you, including any data you have provided to us. You can also request that we erase any personal data we hold about you. This does not include any data we are obliged to keep for administrative, legal, or security purposes.<\/p>\r\n\r\n\r\n\r\n<h2 class=\"wp-block-heading\">Where we send your data<\/h2>\r\n\r\n\r\n\r\n<p>Visitor comments may be checked through an automated spam detection service.<\/p>\r\n\r\n\r\n\r\n<p>&nbsp;<\/p>\r\n<div class=\"iub_header\">\r\n<h1 class=\"wp-block-heading\">Privacy Policy di\u00a0<strong>senzacorpo.com<\/strong><\/h1>\r\n<p>Questa Applicazione raccoglie alcuni Dati Personali dei propri Utenti.<\/p>\r\n<\/div>\r\n<h2 id=\"purposes_data\">Dati personali raccolti per le seguenti finalit\u00e0 ed utilizzando i seguenti servizi:<\/h2>\r\n<ul class=\"for_boxes cf\">\r\n<li class=\"one_line_col\">\r\n<ul class=\"for_boxes\">\r\n<li>\r\n<div class=\"iconed policyicon_purpose_9\">\r\n<h3>Registrazione ed autenticazione<\/h3>\r\n<ul class=\"unstyled\">\r\n<li>\r\n<h3>Log In with PayPal<\/h3>\r\n<p>Dati Personali: varie tipologie di Dati secondo quanto specificato dalla privacy policy del servizio<\/p>\r\n<\/li>\r\n<\/ul>\r\n<\/div>\r\n<\/li>\r\n<li>\r\n<div class=\"iconed policyicon_purpose_5\">\r\n<h3>Statistica<\/h3>\r\n<ul class=\"unstyled\">\r\n<li>\r\n<h3>Google Analytics e WordPress Stat<\/h3>\r\n<p>Dati Personali: Dati di utilizzo; Strumento di Tracciamento<\/p>\r\n<\/li>\r\n<\/ul>\r\n<\/div>\r\n<\/li>\r\n<li>\r\n<div class=\"iconed policyicon_purpose_25\">\r\n<h3>Visualizzazione di contenuti da piattaforme esterne<\/h3>\r\n<ul class=\"unstyled\">\r\n<li>\r\n<h3>Google Fonts<\/h3>\r\n<p>Dati Personali: Dati di utilizzo; varie tipologie di Dati secondo quanto specificato dalla privacy policy del servizio<\/p>\r\n<\/li>\r\n<\/ul>\r\n<\/div>\r\n<\/li>\r\n<\/ul>\r\n<\/li>\r\n<\/ul>\r\n\r\n<ul class=\"for_boxes\">\r\n<li>\r\n<div class=\"iconed policyicon_purpose_10\">\r\n<h3>Contattare l&#8217;Utente<\/h3>\r\n<ul class=\"unstyled\">\r\n<li>\r\n<h3>Mailing list o newsletter e Modulo di contatto<\/h3>\r\n<p>Dati Personali: cognome; email; nome<\/p>\r\n<\/li>\r\n<\/ul>\r\n<\/div>\r\n<\/li>\r\n<li>\r\n<div class=\"iconed policyicon_purpose_18\">\r\n<h3>Gestione contatti e invio di messaggi<\/h3>\r\n<h3>Mailchimp<\/h3>\r\n<p>Dati Personali: cognome; data di nascita; email<\/p>\r\n<ul class=\"unstyled\">\r\n<li>\r\n<div class=\"iconed policyicon_purpose_46\">\r\n<h3>Servizi di piattaforma e hosting<\/h3>\r\n<ul class=\"unstyled\">\r\n<li>\r\n<h3>WordPress.com<\/h3>\r\n<p>Dati Personali: varie tipologie di Dati secondo quanto specificato dalla privacy policy del servizio<\/p>\r\n<\/li>\r\n<\/ul>\r\n<\/div>\r\n<\/li>\r\n<li>\r\n<h3>Mailchimp<\/h3>\r\n<p>Dati Personali: cognome; data di nascita; email<\/p>\r\n<\/li>\r\n<\/ul>\r\n<h3>Ottimizzazione e distribuzione del traffico<\/h3>\r\n<ul class=\"unstyled\">\r\n<li>\r\n<h3>Cloudflare<\/h3>\r\n<p>Dati Personali: Strumento di Tracciamento; varie tipologie di Dati secondo quanto specificato dalla privacy policy del servizio<\/p>\r\n<h2>Statistica<\/h2>\r\n<ul class=\"unstyled\">\r\n<li>\r\n<h3>Google Analytics e Google Analytics con IP anonimizzato<\/h3>\r\n<p>Dati Personali: Cookie; Dati di utilizzo<\/p>\r\n<\/li>\r\n<li>\r\n<h3>Google Analytics for Firebase<\/h3>\r\n<p>Dati Personali: numero di sessioni<\/p>\r\n<\/li>\r\n<\/ul>\r\n<ul class=\"for_boxes\">\r\n<li>\r\n<div class=\"iconed policyicon_purpose_25\">\r\n<h3>Visualizzazione di contenuti da piattaforme esterne<\/h3>\r\n<ul class=\"unstyled\">\r\n<li>\r\n<h3>Widget Instagram e Widget Google Maps<\/h3>\r\n<p>Dati Personali: Cookie; Dati di utilizzo<\/p>\r\n<\/li>\r\n<li>\r\n<h3>Google Fonts<\/h3>\r\n<p>Dati Personali: Dati di utilizzo; varie tipologie di Dati secondo quanto specificato dalla privacy policy del servizio<\/p>\r\n<\/li>\r\n<\/ul>\r\n<\/div>\r\n<\/li>\r\n<\/ul>\r\n<\/li>\r\n<\/ul>\r\n<h3>Protezione dallo SPAM<\/h3>\r\n<ul class=\"unstyled\">\r\n<li>\r\n<h3>Akismet<\/h3>\r\n<p>Dati Personali: varie tipologie di Dati secondo quanto specificato dalla privacy policy del servizio<\/p>\r\n<\/li>\r\n<\/ul>\r\n<\/div>\r\n<\/li>\r\n<\/ul>","protected":false},"excerpt":{"rendered":"<p>TITOLARE DEL TRATTAMENTO DEI DATI Anna Elisabetta Raffin Indirizzo email del Titolare: project@senzacorpo.com TIPOLOGIE DI DATI RACCOLTI Fra i Dati Personali raccolti da questo Sito Web, in modo autonomo o tramite terze parti, ci sono: Cookie; Dati di utilizzo; nome; email; cognome; data di nascita; numero di sessioni. Dettagli completi su ciascuna tipologia di dati [&hellip;]<\/p>\n","protected":false},"author":1,"featured_media":0,"parent":0,"menu_order":0,"comment_status":"closed","ping_status":"closed","template":"","meta":{"om_disable_all_campaigns":false,"_monsterinsights_skip_tracking":false,"_monsterinsights_sitenote_active":false,"_monsterinsights_sitenote_note":"","_monsterinsights_sitenote_category":0,"_uf_show_specific_survey":0,"_uf_disable_surveys":false,"footnotes":""},"class_list":["post-3","page","type-page","status-publish","hentry"],"blocksy_meta":{"styles_descriptor":{"styles":{"desktop":"","tablet":"","mobile":""},"google_fonts":[],"version":6}},"_links":{"self":[{"href":"https:\/\/senzacorpo.com\/en\/wp-json\/wp\/v2\/pages\/3","targetHints":{"allow":["GET"]}}],"collection":[{"href":"https:\/\/senzacorpo.com\/en\/wp-json\/wp\/v2\/pages"}],"about":[{"href":"https:\/\/senzacorpo.com\/en\/wp-json\/wp\/v2\/types\/page"}],"author":[{"embeddable":true,"href":"https:\/\/senzacorpo.com\/en\/wp-json\/wp\/v2\/users\/1"}],"replies":[{"embeddable":true,"href":"https:\/\/senzacorpo.com\/en\/wp-json\/wp\/v2\/comments?post=3"}],"version-history":[{"count":5,"href":"https:\/\/senzacorpo.com\/en\/wp-json\/wp\/v2\/pages\/3\/revisions"}],"predecessor-version":[{"id":435,"href":"https:\/\/senzacorpo.com\/en\/wp-json\/wp\/v2\/pages\/3\/revisions\/435"}],"wp:attachment":[{"href":"https:\/\/senzacorpo.com\/en\/wp-json\/wp\/v2\/media?parent=3"}],"curies":[{"name":"wp","href":"https:\/\/api.w.org\/{rel}","templated":true}]}}